{"id":1605,"date":"2025-04-01T13:42:02","date_gmt":"2025-04-01T11:42:02","guid":{"rendered":"https:\/\/fashioneditorial.pl\/?page_id=1605"},"modified":"2025-11-17T08:49:37","modified_gmt":"2025-11-17T07:49:37","slug":"e-book","status":"publish","type":"page","link":"https:\/\/fashioneditorial.pl\/en\/e-book\/","title":{"rendered":"E-book"},"content":{"rendered":"<div style=\"height:60px\" aria-hidden=\"true\" class=\"wp-block-spacer\"><\/div>\n\n\n\n<div class=\"wp-block-greenshift-blocks-container gspb_container gspb_container-gsbp-12fdcbe\" id=\"gspb_container-id-gsbp-12fdcbe\">\n<h1 id=\"gspb_heading-id-gspb-G-Oi2Hu-C4xIqg2OJMnoH\" class=\"gspb_heading gspb_heading-id-gspb-G-Oi2Hu-C4xIqg2OJMnoH\" data-aos=\"fade-down-blur\" data-aos-easing=\"ease-out-cubic\" data-aos-duration=\"1800\" data-aos-once=\"true\">Fashion Editorial - Revolutionising the world of fashion<\/h1>\n\n\n\n<h2 data-aos=\"fade-up-blur\" data-aos-delay=\"200\" data-aos-easing=\"ease\" data-aos-duration=\"1800\" data-aos-once=\"true\" class=\"gsbp-6c52ad5 alignwide\">Exclusive content will be here soon - sign up for the newsletter to stay up to date!<\/h2>\n<\/div>\n\n\n\n<div class=\"wp-block-greenshift-blocks-container gspb_container gspb_container-gsbp-38035a6\" id=\"gspb_container-id-gsbp-38035a6\">\n<h1 id=\"gspb_heading-id-gsbp-c9a14e1\" class=\"gspb_heading gspb_heading-id-gsbp-c9a14e1\" data-aos=\"fade-down-blur\" data-aos-easing=\"ease-out-cubic\" data-aos-duration=\"1800\" data-aos-once=\"true\">Fashion Editorial \u2013 Become an insider of Polish fashion<\/h1>\n\n\n\n<h2 data-aos=\"fade-up-blur\" data-aos-delay=\"200\" data-aos-easing=\"ease\" data-aos-duration=\"1800\" data-aos-once=\"true\" class=\"gsbp-f0346b4 alignwide translation-block\" id=\"juz-wkrotce-pojawia-sie-tutaj-wyjatkowe-materialy-tylko-dla-subskrybentow\">Special content will be available here soon. Only for <em><span style=\"text-decoration: underline\">subscribers<\/span><\/em>.<\/h2>\n<\/div>\n\n\n\n<p id=\"gspb_text-id-gsbp-c526c08\" class=\"gspb_text gspb_text-id-gsbp-c526c08\" data-aos=\"fade-up-blur\" data-aos-easing=\"ease\" data-aos-duration=\"1800\" data-aos-once=\"true\">I have prepared something special for you! My first exclusive ebook is almost ready. It's a compendium of knowledge that will introduce you to the fascinating world of fashion.<\/p>\n\n\n\n<div id=\"badz-jedna-z-pierwszych-osob-ktora-dowie-sie-o-premierze\"><\/div><h3 id=\"gspb_heading-id-gsbp-716ce9f\" class=\"gspb_heading gspb_heading-id-gsbp-716ce9f\" data-aos=\"fade-up-blur\" data-aos-delay=\"100\" data-aos-easing=\"ease\" data-aos-duration=\"1800\" data-aos-once=\"true\">Be one of the first to know about the launch.<\/h3>\n\n\n\n<p id=\"gspb_text-id-gsbp-bac7702\" class=\"gspb_text gspb_text-id-gsbp-bac7702 translation-block\" data-aos=\"fade-up-blur\" data-aos-easing=\"ease\" data-aos-duration=\"1800\" data-aos-once=\"true\">And right now, by subscribing to my newsletter, you will receive a free e-book, <strong>7-Day Challenge: Launch Your Fashion Career<\/strong>.<\/p>\n\n\n<div data-block=\"hook:1619\" class=\"alignfull\"><article id=\"post-1619\" class=\"post-1619\"><div class=\"entry-content is-layout-constrained\">\n<section class=\"wp-block-greenshift-blocks-row gspb_row gspb_row-id-gsbp-dcf0c30\" id=\"gspb_row-id-gsbp-dcf0c30\" data-aos=\"fade-up-blur\" data-aos-delay=\"100\" data-aos-easing=\"ease\" data-aos-duration=\"1800\" data-aos-once=\"true\"><div class=\"gspb_row__content\"> \n<div class=\"wp-block-greenshift-blocks-row-column gspb_row__col--12 gspb_col-id-gsbp-7fea829\" id=\"gspb_col-id-gsbp-7fea829\">\n<div id=\"zapisujac-sie-do-newslettera-otrzymasz-bezplatny-ebook-oraz-dostep-do-ekskluzywnych-tresci-ze-swiata-mody\"><\/div><h3 id=\"gspb_heading-id-gsbp-7fae26b\" class=\"gspb_heading gspb_heading-id-gsbp-7fae26b\">Sign up for our newsletter and receive a free ebook and access to exclusive content from the world of fashion.<\/h3>\n\n\n<div class='fluentform ff-inherit-theme-style fluentform_wrapper_3  ff_guten_block ff_guten_block-3'><form data-form_id=\"3\" id=\"fluentform_3\" class=\"frm-fluent-form fluent_form_3 ff-el-form-top ff_form_instance_3_1 ff-form-loading ffs_inherit_theme\" data-form_instance=\"ff_form_instance_3_1\" method=\"POST\" action=\"\" ><fieldset  style=\"border: none!important;margin: 0!important;padding: 0!important;background-color: transparent!important;box-shadow: none!important;outline: none!important; min-inline-size: 100%;\">\n                    <legend class=\"ff_screen_reader_title\" style=\"display: block; margin: 0!important;padding: 0!important;height: 0!important;text-indent: -999999px;width: 0!important;overflow:hidden;\">Zapis na newsletter<\/legend>        <div\n                style=\"display: none!important; position: absolute!important; transform: translateX(1000%)!important;\"\n                class=\"ff-el-group ff-hpsf-container\"\n        >\n            <div class=\"ff-el-input--label asterisk-right\">\n                <label for=\"ff_3_item_sf\" aria-label=\"Link to page to sign up to Fashion Editorial newsletter\">\n                    Link to page to sign up to Fashion Editorial newsletter                <\/label>\n            <\/div>\n            <div class=\"ff-el-input--content\">\n                <input type=\"text\"\n                       name=\"item_3__fluent_sf\"\n                       class=\"ff-el-form-control\"\n                       id=\"ff_3_item_sf\"\n                \/>\n            <\/div>\n        <\/div>\n                <input type=\"hidden\" id=\"__fluent_protection_token_3\" class=\"fluent-form-token-field\" name=\"__fluent_protection_token_3\">\n        <input type='hidden' name='__fluent_form_embded_post_id' value='1605' \/><input type=\"hidden\" id=\"_fluentform_3_fluentformnonce\" name=\"_fluentform_3_fluentformnonce\" value=\"612f226d7a\" \/><input type=\"hidden\" name=\"_wp_http_referer\" value=\"\/en\/wp-json\/wp\/v2\/pages\/1605\" \/><div data-name=\"ff_cn_id_1\"  class='ff-t-container ff-column-container ff_columns_total_2'><div class='ff-t-cell ff-t-column-1' style='flex-basis: 65%;'><div class='ff-el-group'><div class='ff-el-input--content'><input type=\"email\" name=\"email\" id=\"ff_3_email\" class=\"ff-el-form-control\" placeholder=\"E-mail address\" data-name=\"email\"  aria-invalid=\"false\" aria-required=\"true\"><\/div><\/div><\/div><div class='ff-t-cell ff-t-column-2' style='flex-basis: 30%;'><div class='ff-el-group ff-text-left ff_submit_btn_wrapper ff_submit_btn_wrapper_custom'><button class=\"ff-btn ff-btn-submit ff-btn-md ff_btn_style wpf_has_custom_css\" type=\"submit\" name=\"custom_submit_button-3_1\" data-name=\"custom_submit_button-3_1\"  aria-label=\"Signing up for the gift!\">Signing up for the gift!<\/button><style>form.fluent_form_3 .wpf_has_custom_css.ff-btn-submit { background-color:rgba(253, 206, 52, 1);color:rgba(9, 9, 9, 1);border-radius:0px;min-width:100%; }form.fluent_form_3 .wpf_has_custom_css.ff-btn-submit:hover { background-color:rgba(252, 252, 252, 1);border-color:rgba(243, 243, 243, 1);color:rgba(9, 9, 9, 1);border-radius:2px;min-width:100%; } <\/style><\/div><\/div><\/div><div class='ff-el-group    ff-el-input--content'><div class='ff-el-form-check ff-el-tc'><label aria-label='I agree to receive by email information about news, fashion trends, training courses and new publications. Your data will be processed in accordance with our Privacy Policy. You can unsubscribe at any time by clicking the link in the footer of the email.' class='ff-el-form-check-label ff_tc_label' for=\"gdpr-agreement_ebe8b1bc894004caaace9dc06d36c0ed\"><span class='ff_tc_checkbox'><input type=\"checkbox\" name=\"gdpr-agreement\" class=\"ff-el-form-check-input ff_gdpr_field\" data-name=\"gdpr-agreement\" id=\"gdpr-agreement_ebe8b1bc894004caaace9dc06d36c0ed\"  value='on' aria-invalid='false' aria-required=\"true\"><\/span> <div class='ff_t_c'>I agree to receive by email information about news, fashion trends, training courses and new publications. Your data will be processed in accordance with our Privacy Policy. You can unsubscribe at any time by clicking the link in the footer of the email.<\/div><\/label><\/div><\/div><\/fieldset><input type=\"hidden\" name=\"trp-form-language\" value=\"en\"\/><\/form><div id='fluentform_3_errors' class='ff-errors-in-stack ff_form_instance_3_1 ff-form-loading_errors ff_form_instance_3_1_errors'><\/div><\/div>            <script type=\"text\/javascript\">\n                window.fluent_form_ff_form_instance_3_1 = {\"id\":\"3\",\"settings\":{\"layout\":{\"labelPlacement\":\"top\",\"asteriskPlacement\":\"asterisk-right\",\"helpMessagePlacement\":\"with_label\",\"errorMessagePlacement\":\"inline\",\"cssClassName\":\"\"},\"restrictions\":{\"denyEmptySubmission\":{\"enabled\":false}}},\"form_instance\":\"ff_form_instance_3_1\",\"form_id_selector\":\"fluentform_3\",\"rules\":{\"email\":{\"required\":{\"value\":true,\"message\":\"This field is required\",\"global\":true,\"global_message\":\"This field is required\"},\"email\":{\"value\":true,\"message\":\"This field must contain a valid email\",\"global\":true,\"global_message\":\"This field must contain a valid email\"}},\"gdpr-agreement\":{\"required\":{\"value\":true,\"message\":\"This field is required\",\"global_message\":\"This field is required\",\"global\":true}}},\"debounce_time\":300};\n                            <\/script>\n            <\/div>\n <\/div><\/section>\n<\/div><\/article><\/div>\n\n\n\n<p id=\"gspb_text-id-gsbp-a3ca136\" class=\"gspb_text gspb_text-id-gsbp-a3ca136\"><em>I care about your privacy. Your data is safe with us and will not be transferred to third parties.<\/em><\/p>","protected":false},"excerpt":{"rendered":"","protected":false},"author":1,"featured_media":0,"parent":0,"menu_order":0,"comment_status":"closed","ping_status":"closed","template":"","meta":{"_gspb_post_css":".gspb_container-id-gsbp-12fdcbe{flex-direction:column;box-sizing:border-box}#gspb_container-id-gsbp-12fdcbe.gspb_container>p:last-of-type,#gspb_container-id-gsbp-38035a6.gspb_container>p:last-of-type{margin-bottom:0}#gspb_container-id-gsbp-12fdcbe.gspb_container{position:relative}@media (max-width:575.98px){body.gspb-bodyfront #gspb_container-id-gsbp-12fdcbe.gspb_container{display:none!important}}@media (min-width:768px) and (max-width:991.98px){body.gspb-bodyfront #gspb_container-id-gsbp-12fdcbe.gspb_container{display:none!important}}@media (min-width:992px){body.gspb-bodyfront #gspb_container-id-gsbp-12fdcbe.gspb_container{display:none!important}}#gspb_heading-id-gspb-G-Oi2Hu-C4xIqg2OJMnoH{transition-duration:1.8s;transition-timing-function:cubic-bezier(.25,.46,.45,.94);opacity:var(--gs-root-animation-opacity, 0);transition-property:opacity,transform,filter;transform:var(--gs-root-animation-transform, translate3d(0, calc(max(50px, 15%) * -1), 0));filter:blur(10px);font-family:Lora,sans-serif;font-size:clamp(2.2rem,4vw,3.5rem);line-height:clamp(2.75rem,4.7vw,4.2rem);font-weight:400!important;margin:0 0 40px}#gspb_heading-id-gspb-G-Oi2Hu-C4xIqg2OJMnoH.aos-animate,#gspb_heading-id-gspb-G-Oi2Hu-C4xIqg2OJMnoH[data-gs-aos]{opacity:1;transform:translateZ(0);filter:blur(0)}.gsbp-6c52ad5{font-size:2.5rem;line-height:3.4rem;font-weight:400;margin-bottom:15px}@media (max-width:575.98px){.gsbp-6c52ad5{font-size:2.5rem;line-height:3rem}}#gspb_heading-id-gsbp-c9a14e1,.gsbp-6c52ad5{transition-duration:1.8s;opacity:var(--gs-root-animation-opacity, 0);transition-property:opacity,transform,filter;filter:blur(10px)}.gsbp-6c52ad5{transition-timing-function:var(--gs-root-animation-easing, cubic-bezier(0.42, 0, 0.58, 1));transition-delay:0s;transform:var(--gs-root-animation-transform, translate3d(0, calc(max(50px, 15%)), 0))}.gspb_container-id-gsbp-38035a6{flex-direction:column;box-sizing:border-box}#gspb_container-id-gsbp-38035a6.gspb_container{position:relative}#gspb_heading-id-gsbp-c9a14e1{transition-timing-function:cubic-bezier(.25,.46,.45,.94);transform:var(--gs-root-animation-transform, translate3d(0, calc(max(50px, 15%) * -1), 0));font-family:Lora,sans-serif;font-size:clamp(2.2rem,4vw,3.5rem);line-height:clamp(2.75rem,4.7vw,4.2rem);font-weight:400!important;margin:0 0 40px}#gspb_heading-id-gsbp-c9a14e1.aos-animate,#gspb_heading-id-gsbp-c9a14e1[data-gs-aos]{opacity:1;transform:translateZ(0);filter:blur(0)}.gsbp-f0346b4{font-size:2.5rem;line-height:3.4rem;font-weight:400;margin-bottom:15px}@media (max-width:575.98px){.gsbp-f0346b4{font-size:2.5rem;line-height:3rem}}.gsbp-f0346b4,.gspb_text-id-gsbp-c526c08{transition-duration:1.8s;transition-timing-function:var(--gs-root-animation-easing, cubic-bezier(0.42, 0, 0.58, 1));opacity:var(--gs-root-animation-opacity, 0);transition-property:opacity,transform,filter;transform:var(--gs-root-animation-transform, translate3d(0, calc(max(50px, 15%)), 0));filter:blur(10px)}.gsbp-f0346b4{transition-delay:0s}.gsbp-6c52ad5.aos-animate,.gsbp-6c52ad5[data-gs-aos],.gsbp-f0346b4.aos-animate,.gsbp-f0346b4[data-gs-aos]{transition-delay:.2s;--gs-root-animation-delay:0.2s;opacity:1;transform:translateZ(0);filter:blur(0)}.gspb_text-id-gsbp-c526c08{font-family:Lora,sans-serif;font-size:1.2rem}.gspb_text-id-gsbp-c526c08.aos-animate,.gspb_text-id-gsbp-c526c08[data-gs-aos]{opacity:1;transform:translateZ(0);filter:blur(0)}.gspb_text-id-gsbp-c526c08,.gspb_text-id-gsbp-c526c08 .gsap-g-line{text-align:left!important}.gspb_text-id-gsbp-c526c08{margin-bottom:0!important}#gspb_heading-id-gsbp-716ce9f,.gspb_text-id-gsbp-bac7702{transition-duration:1.8s;transition-timing-function:var(--gs-root-animation-easing, cubic-bezier(0.42, 0, 0.58, 1));opacity:var(--gs-root-animation-opacity, 0);transition-property:opacity,transform,filter;transform:var(--gs-root-animation-transform, translate3d(0, calc(max(50px, 15%)), 0));filter:blur(10px)}#gspb_heading-id-gsbp-716ce9f{transition-delay:0s}#gspb_heading-id-gsbp-716ce9f.aos-animate,#gspb_heading-id-gsbp-716ce9f[data-gs-aos]{transition-delay:.1s;--gs-root-animation-delay:0.1s;opacity:1;transform:translateZ(0);filter:blur(0)}#gspb_heading-id-gsbp-716ce9f,#gspb_heading-id-gsbp-716ce9f .gsap-g-line{text-align:center!important}#gspb_heading-id-gsbp-716ce9f{font-weight:400!important;margin-top:60px;margin-bottom:40px}.gspb_text-id-gsbp-bac7702{font-family:Lora,sans-serif;font-size:1.2rem}.gspb_text-id-gsbp-bac7702.aos-animate,.gspb_text-id-gsbp-bac7702[data-gs-aos]{opacity:1;transform:translateZ(0);filter:blur(0)}.gspb_text-id-gsbp-bac7702,.gspb_text-id-gsbp-bac7702 .gsap-g-line{text-align:left!important}.gspb_text-id-gsbp-bac7702{margin-bottom:40px!important}.gspb_text-id-gsbp-a3ca136{margin-bottom:60px!important}","slim_seo":{"title":"E-book - Fashion Editorial - Twoja platforma wiedzy o modzie","description":"Fashion Editorial - Rewolucja w \u015bwiecie mody Fashion Editorial - Zosta\u0144 insiderem polskiej mody Przygotowa\u0142am dla Ciebie co\u015b specjalnego! M\u00f3j pierwszy ekskluzyw"},"iawp_total_views":10,"footnotes":""},"class_list":["post-1605","page","type-page","status-publish","hentry"],"blocksy_meta":{"page_structure_type":"type-3","styles_descriptor":{"styles":{"desktop":"","tablet":"","mobile":""},"google_fonts":[],"version":6},"has_hero_section":"disabled"},"_links":{"self":[{"href":"https:\/\/fashioneditorial.pl\/en\/wp-json\/wp\/v2\/pages\/1605","targetHints":{"allow":["GET"]}}],"collection":[{"href":"https:\/\/fashioneditorial.pl\/en\/wp-json\/wp\/v2\/pages"}],"about":[{"href":"https:\/\/fashioneditorial.pl\/en\/wp-json\/wp\/v2\/types\/page"}],"author":[{"embeddable":true,"href":"https:\/\/fashioneditorial.pl\/en\/wp-json\/wp\/v2\/users\/1"}],"replies":[{"embeddable":true,"href":"https:\/\/fashioneditorial.pl\/en\/wp-json\/wp\/v2\/comments?post=1605"}],"version-history":[{"count":5,"href":"https:\/\/fashioneditorial.pl\/en\/wp-json\/wp\/v2\/pages\/1605\/revisions"}],"predecessor-version":[{"id":2138,"href":"https:\/\/fashioneditorial.pl\/en\/wp-json\/wp\/v2\/pages\/1605\/revisions\/2138"}],"wp:attachment":[{"href":"https:\/\/fashioneditorial.pl\/en\/wp-json\/wp\/v2\/media?parent=1605"}],"curies":[{"name":"wp","href":"https:\/\/api.w.org\/{rel}","templated":true}]}}