{"id":2065,"date":"2025-10-22T19:23:08","date_gmt":"2025-10-22T17:23:08","guid":{"rendered":"https:\/\/fashioneditorial.pl\/?page_id=2065"},"modified":"2025-10-22T20:28:04","modified_gmt":"2025-10-22T18:28:04","slug":"spolecznosc","status":"publish","type":"page","link":"https:\/\/fashioneditorial.pl\/en\/spolecznosc\/","title":{"rendered":"Community"},"content":{"rendered":"<div id=\"dolacz-do-spolecznosci-fashion-editorial\"><\/div><h1 id=\"gspb_heading-id-gsbp-9120fbd\" class=\"gspb_heading gspb_heading-id-gsbp-9120fbd\"><strong>Fashion Editorial Community<\/strong><\/h1>\n\n\n\n<div class=\"wp-block-greenshift-blocks-row alignwide gspb_row gspb_row-id-gsbp-433876b gspb_row--gutter-40\" id=\"gspb_row-id-gsbp-433876b\"><div class=\"gspb_row__content\"> \n<div class=\"wp-block-greenshift-blocks-row-column gspb_row__col--6 gspb_col-id-gsbp-a3deae0\" id=\"gspb_col-id-gsbp-a3deae0\">\n<p class=\"translation-block\">Enter a world of fashion where passion meets knowledge!<br>Join the <strong>free Fashion Editorial community<\/strong> and gain access to inspiring content, practical tips, and people who, like you, want to develop their careers in the fashion industry.<\/p>\n\n\n\n<p>\u2728 <strong>Why is it worth it?<\/strong><\/p>\n\n\n\n<ul class=\"wp-block-list\">\n<li>You gain access to exclusive materials and conversations with experts.<\/li>\n\n\n\n<li>You join a network of fashion enthusiasts from all over Poland.<\/li>\n\n\n\n<li>Be the first to know about new articles, eBooks, and events<\/li>\n<\/ul>\n\n\n\n<p class=\"translation-block\">\ud83d\udce9 <strong>Join now \u2013 for free!<\/strong><br>Grow with us and build your future in the world of fashion.<\/p>\n<\/div>\n\n\n\n<div class=\"wp-block-greenshift-blocks-row-column gspb_row__col--6 gspb_col-id-gsbp-0978c2c\" id=\"gspb_col-id-gsbp-0978c2c\">\n<div class=\"gs_tabs_499 gs_root gsbp-53e3dd9\" data-type=\"tabs-component\">\n<div class=\"gs_tabs_list gsbp-409c680\" role=\"tablist\">\n<button aria-controls=\"gs-content-gsbp-53e3dd9-0\" id=\"gs-trigger-gsbp-53e3dd9-0\" class=\"gs_click_sync gs_tab active\" type=\"button\" role=\"tab\" aria-selected=\"true\">\n<span class=\"gs_name\">Logging in<\/span>\n<\/button>\n\n\n\n<button aria-controls=\"gs-content-gsbp-53e3dd9-1\" id=\"gs-trigger-gsbp-53e3dd9-1\" class=\"gs_click_sync gs_tab\" type=\"button\" role=\"tab\" aria-selected=\"false\">\n<span class=\"gs_name\">Sign up<\/span>\n<\/button>\n<\/div>\n\n\n\n<div class=\"gs_content_area\">\n<div aria-labelledby=\"gs-trigger-gsbp-53e3dd9-0\" id=\"gs-content-gsbp-53e3dd9-0\" class=\"gs_content active\" role=\"tabpanel\" aria-hidden=\"false\">\n<div class=\"gs_content_inner\"><div id=\"fls_login_form\" class=\"fls_login_wrapper\"><form name=\"loginform\" id=\"loginform\" action=\"https:\/\/fashioneditorial.pl\/en\/\" method=\"post\" data-trp-original-action=\"https:\/\/fashioneditorial.pl\/\"><input type=\"hidden\" name=\"force_redirect_to\" value=\"https:\/\/fashioneditorial.pl\/portal\/?fcom_action=auth\" \/><p class=\"login-username\">\n\t\t\t\t<label for=\"user_login\">Username or Email Address<\/label>\n\t\t\t\t<input type=\"text\" name=\"log\" id=\"user_login\" autocomplete=\"username\" class=\"input\" value=\"\" size=\"20\" \/>\n\t\t\t<\/p><p class=\"login-password\">\n\t\t\t\t<label for=\"user_pass\">Password<\/label>\n\t\t\t\t<input type=\"password\" name=\"pwd\" id=\"user_pass\" autocomplete=\"current-password\" class=\"input\" value=\"\" size=\"20\" \/>\n\t\t\t<\/p><p class=\"login-remember\"><label><input name=\"rememberme\" type=\"checkbox\" id=\"rememberme\" value=\"forever\" checked=\"checked\" \/> Remember Me<\/label><\/p><p class=\"login-submit\">\n\t\t\t\t<input type=\"submit\" name=\"wp-submit\" id=\"wp-submit\" class=\"button button-primary\" value=\"Log In\" \/>\n\t\t\t\t<input type=\"hidden\" name=\"redirect_to\" value=\"https:\/\/fashioneditorial.pl\/portal\/?fcom_action=auth\" \/>\n\t\t\t<\/p><input type=\"hidden\" name=\"trp-form-language\" value=\"en\"\/><\/form><\/div>\n<\/div>\n<\/div>\n\n\n\n<div aria-labelledby=\"gs-trigger-gsbp-53e3dd9-1\" id=\"gs-content-gsbp-53e3dd9-1\" class=\"gs_content\" role=\"tabpanel\" aria-hidden=\"true\">\n<div class=\"gs_content_inner\"><div class=\"fls_registration_wrapper\"><form id=\"flsRegistrationForm\" class=\"fls_registration_form\" method=\"post\" name=\"fls_registration_form\" action=\"\"><div class=\"fls_registration_fields\"><div class=\"fls_field_group fls_field_first_name\"><div class=\"fls_field_label is-required\"><label for=\"fls_first_name\">First Name<\/label><\/div><div class=\"fs_input_wrap\"><input type=\"text\" id=\"fls_first_name\" placeholder=\"First Name\" name=\"first_name\" required><\/div><\/div><div class=\"fls_field_group fls_field_last_name\"><div class=\"fls_field_label\"><label for=\"fls_last_name\">Last Name<\/label><\/div><div class=\"fs_input_wrap\"><input type=\"text\" id=\"fls_last_name\" placeholder=\"Last Name\" name=\"last_name\" \/><\/div><\/div><div class=\"fls_field_group fls_field_username\"><div class=\"fls_field_label is-required\"><label for=\"fls_reg_username\">Username<\/label><\/div><div class=\"fs_input_wrap\"><input type=\"text\" id=\"fls_reg_username\" placeholder=\"Username\" name=\"username\" required><\/div><\/div><div class=\"fls_field_group fls_field_email\"><div class=\"fls_field_label is-required\"><label for=\"fls_reg_email\">Email Address<\/label><\/div><div class=\"fs_input_wrap\"><input type=\"email\" id=\"fls_reg_email\" placeholder=\"Your Email Address\" name=\"email\" required><\/div><\/div><div class=\"fls_field_group fls_field_password\"><div class=\"fls_field_label is-required\"><label for=\"fls_reg_password\">Password<\/label><\/div><div class=\"fs_input_wrap\"><input type=\"password\" id=\"fls_reg_password\" placeholder=\"Password\" name=\"password\" required><\/div><\/div><input type=\"hidden\" name=\"__redirect_to\" value=\"https:\/\/fashioneditorial.pl\/portal\/?fcom_action=auth\"><input type=\"hidden\" name=\"_fls_signup_nonce\" value=\"6fdbdb1e65\"><button type=\"submit\" id=\"fls_submit\"><svg version=\"1.1\" class=\"fls_loading_svg\" x=\"0px\" y=\"0px\" width=\"40px\" height=\"20px\" viewbox=\"0 0 50 50\" style=\"enable-background:new 0 0 50 50;\" xml:space=\"preserve\">\n            <path fill=\"currentColor\" d=\"M43.935,25.145c0-10.318-8.364-18.683-18.683-18.683c-10.318,0-18.683,8.365-18.683,18.683h4.068c0-8.071,6.543-14.615,14.615-14.615c8.072,0,14.615,6.543,14.615,14.615H43.935z\">\n              <animatetransform attributetype=\"xml\"\n                attributename=\"transform\"\n                type=\"rotate\"\n                from=\"0 25 25\"\n                to=\"360 25 25\"\n                dur=\"0.6s\"\n                repeatcount=\"indefinite\"\/>\n              <\/path>\n        <\/svg><span>Signup<\/span><\/button><\/div><input type=\"hidden\" name=\"trp-form-language\" value=\"en\"\/><\/form><\/div>\n<\/div>\n<\/div>\n<\/div>\n<\/div>\n<\/div>\n <\/div><\/div>","protected":false},"excerpt":{"rendered":"","protected":false},"author":1,"featured_media":0,"parent":0,"menu_order":0,"comment_status":"closed","ping_status":"closed","template":"","meta":{"_gspb_post_css":".gs_tabs_499 .gs_tab{font-size:1rem;background-color:#0000000d;border:0;padding:1rem 1.5rem;font-weight:400;text-decoration:none;display:flex;justify-content:center;align-items:center;color:#000;cursor:pointer;column-gap:10px;transition:all .5s ease}.gs_tabs_499 .gs_tab.active{background-color:#000;color:#fff}.gs_tabs_499 .gs_tab svg{fill:currentColor;width:17px;height:17px}.gs_tabs_499 .gs_tab.active svg{fill:currentColor}.gs_tabs_499 .gs_content{overflow:hidden;opacity:0;max-height:0;transition:opacity .5s cubic-bezier(.42,0,.58,1),max-height .5s cubic-bezier(.42,0,.58,1)}.gs_tabs_499 .gs_content.active{opacity:1;max-height:5000px}.gs_tabs_499 .gs_content>.gs_content_inner{padding:25px;font-size:1rem;line-height:1.7rem}.gsbp-53e3dd9{position:relative;display:flex;flex-direction:column;align-items:stretch;justify-content:flex-start}.gsbp-409c680{display:flex;flex-direction:row;column-gap:15px;row-gap:15px;flex-wrap:wrap}#gspb_row-id-gsbp-433876b{justify-content:space-between;margin-top:0;margin-bottom:0;display:flex;flex-wrap:wrap}#gspb_row-id-gsbp-433876b>.gspb_row__content{display:flex;justify-content:space-between;margin:0 auto;width:100%;flex-wrap:wrap}.gspb_row{position:relative}div[id^=gspb_col-id]{box-sizing:border-box;position:relative;padding:var(--gs-row-column-padding, 15px min(3vw, 20px))}body.gspb-bodyfront #gspb_row-id-gsbp-433876b>.gspb_row__content{width:var(--theme-container-width, 1200px);max-width:var(--theme-normal-container-max-width, 1200px)}#gspb_col-id-gsbp-a3deae0.gspb_row__col--6{width:calc(50% - 20px)}@media (max-width:991.98px){#gspb_col-id-gsbp-a3deae0.gspb_row__col--6{width:calc(50% - 20px)}}@media (max-width:767.98px){#gspb_col-id-gsbp-a3deae0.gspb_row__col--6{width:calc(50% - 20px)}}@media (max-width:575.98px){#gspb_col-id-gsbp-a3deae0.gspb_row__col--6{width:100%}}@media (min-width:992px){body.gspb-bodyfront #gspb_col-id-gsbp-a3deae0.gspb_row__col--6{width:calc(60% - 20px - 0px)}}#gspb_col-id-gsbp-0978c2c.gspb_row__col--6{width:calc(50% - 20px)}@media (max-width:991.98px){#gspb_col-id-gsbp-0978c2c.gspb_row__col--6{width:calc(50% - 20px)}}@media (max-width:767.98px){#gspb_col-id-gsbp-0978c2c.gspb_row__col--6{width:calc(50% - 20px)}}@media (max-width:575.98px){#gspb_col-id-gsbp-0978c2c.gspb_row__col--6{width:100%}}@media (min-width:992px){body.gspb-bodyfront #gspb_col-id-gsbp-0978c2c.gspb_row__col--6{width:calc(40% - 20px - 0px)}}#gspb_col-id-gsbp-0978c2c.gspb_row__col--6{box-shadow:0 5px 23px 0 rgba(188,207,219,.35)}","slim_seo":{"title":"Spo\u0142eczno\u015b\u0107 - Fashion Editorial - Twoja platforma wiedzy o modzie","description":"Spo\u0142eczno\u015b\u0107 Fashion Editorial Wejd\u017a do \u015bwiata mody, w kt\u00f3rym pasja spotyka si\u0119 z wiedz\u0105! Zapisz si\u0119 do darmowej spo\u0142eczno\u015bci Fashion Editorial i zyskaj dost\u0119p d"},"iawp_total_views":46,"footnotes":""},"class_list":["post-2065","page","type-page","status-publish","hentry"],"blocksy_meta":{"page_structure_type":"type-3","has_hero_section":"disabled","styles_descriptor":{"styles":{"desktop":"","tablet":"","mobile":""},"google_fonts":[],"version":6}},"_links":{"self":[{"href":"https:\/\/fashioneditorial.pl\/en\/wp-json\/wp\/v2\/pages\/2065","targetHints":{"allow":["GET"]}}],"collection":[{"href":"https:\/\/fashioneditorial.pl\/en\/wp-json\/wp\/v2\/pages"}],"about":[{"href":"https:\/\/fashioneditorial.pl\/en\/wp-json\/wp\/v2\/types\/page"}],"author":[{"embeddable":true,"href":"https:\/\/fashioneditorial.pl\/en\/wp-json\/wp\/v2\/users\/1"}],"replies":[{"embeddable":true,"href":"https:\/\/fashioneditorial.pl\/en\/wp-json\/wp\/v2\/comments?post=2065"}],"version-history":[{"count":5,"href":"https:\/\/fashioneditorial.pl\/en\/wp-json\/wp\/v2\/pages\/2065\/revisions"}],"predecessor-version":[{"id":2088,"href":"https:\/\/fashioneditorial.pl\/en\/wp-json\/wp\/v2\/pages\/2065\/revisions\/2088"}],"wp:attachment":[{"href":"https:\/\/fashioneditorial.pl\/en\/wp-json\/wp\/v2\/media?parent=2065"}],"curies":[{"name":"wp","href":"https:\/\/api.w.org\/{rel}","templated":true}]}}