{"id":274,"date":"2025-02-03T17:57:20","date_gmt":"2025-02-03T16:57:20","guid":{"rendered":"https:\/\/fashioneditorial.pl\/?page_id=274"},"modified":"2026-01-20T11:43:35","modified_gmt":"2026-01-20T10:43:35","slug":"szkolenia-i-konsultacje","status":"publish","type":"page","link":"https:\/\/fashioneditorial.pl\/en\/szkolenia-i-konsultacje\/","title":{"rendered":"Szkolenia i konsultacje"},"content":{"rendered":"<div style=\"height:60px\" aria-hidden=\"true\" class=\"wp-block-spacer\"><\/div>\n\n\n\n<p id=\"gspb_text-id-gsbp-05b7df8\" class=\"gspb_text gspb_text-id-gsbp-05b7df8\"><strong>LINK TO THE TRAINING: <a href=\"https:\/\/fashioneditorial.pl\/en\/product\/jak-zalozyc-marke-odziezowa\/\" title=\"Your Career in the Fashion Business\"><strong>Your Career in the Fashion Business<\/strong><\/a><\/strong><\/p>\n\n\n\n<div class=\"wp-block-greenshift-blocks-container alignwide gspb_container gspb_container-gsbp-bda6b3e\" id=\"gspb_container-id-gsbp-bda6b3e\">\n<div id=\"fashion-career-kick-off-konsultacja-1-1\"><\/div><h1 id=\"gspb_heading-id-gsbp-064b554\" class=\"gspb_heading gspb_heading-id-gsbp-064b554\">Fashion Career Kick-Off &#8211; Konsultacja 1:1<\/h1>\n<\/div>\n\n\n\n<h1 data-aos=\"fade-down-blur\" data-aos-easing=\"ease\" data-aos-duration=\"1800\" data-aos-once=\"true\" class=\"gsbp-8f24cbc\">Konsultacje dla os\u00f3b, kt\u00f3re chc\u0105 rozwija\u0107 swoj\u0105 karier\u0119 lub mark\u0119 modow\u0105.<\/h1>\n\n\n\n<div id=\"fashion-editorial-dopiero-sie-rozwija-dlatego-na-ten-moment-proponujemy-indywidualne-konsultacje-ktore-omawiamy-wspolnie-i-dopasowujemy-do-twoich-potrzeb-i-celow\"><\/div><h2 id=\"gspb_heading-id-gsbp-218db97\" class=\"gspb_heading gspb_heading-id-gsbp-218db97\">Fashion Editorial is just developing. That is why, for the moment, we offer individual consultations, which we discuss together and tailor to your needs and goals.<\/h2>\n\n\n\n<div id=\"gspb_text-id-gsbp-f4f4a5d\" class=\"gspb_text gspb_text-id-gsbp-f4f4a5d\"><strong>SOON YOU&#8217;LL BE ABLE TO BOOK A CONSULTATION!<\/strong><br>Sign up for our newsletter and be the first to know when bookings open.<\/div>\n\n\n\n<div class=\"wp-block-greenshift-blocks-container alignwide gspb_container gspb_container-gsbp-151e3f2\" id=\"gspb_container-id-gsbp-151e3f2\"><\/div>","protected":false},"excerpt":{"rendered":"","protected":false},"author":1,"featured_media":0,"parent":0,"menu_order":0,"comment_status":"closed","ping_status":"closed","template":"","meta":{"_gspb_post_css":"@media (max-width:575.98px){body .gspb_text-id-gsbp-05b7df8{display:none!important}}@media (min-width:768px) and (max-width:991.98px){body .gspb_text-id-gsbp-05b7df8{display:none!important}}@media (min-width:992px){body .gspb_text-id-gsbp-05b7df8{display:none!important}}.gspb_container-id-gsbp-bda6b3e{flex-direction:column;box-sizing:border-box}#gspb_container-id-gsbp-151e3f2.gspb_container>p:last-of-type,#gspb_container-id-gsbp-bda6b3e.gspb_container>p:last-of-type{margin-bottom:0}#gspb_container-id-gsbp-151e3f2.gspb_container,#gspb_container-id-gsbp-bda6b3e.gspb_container{position:relative}.gsbp-8f24cbc{font-size:3rem;line-height:3.4rem;font-weight:700;margin-bottom:15px}@media (max-width:575.98px){.gsbp-8f24cbc{font-size:2.5rem;line-height:3rem}}@media (min-width:992px){.gsbp-8f24cbc{display:none!important}}@media (min-width:768px) and (max-width:991.98px){.gsbp-8f24cbc{display:none!important}}@media (max-width:575.98px){.gsbp-8f24cbc{display:none!important}}.gsbp-8f24cbc{transition-duration:1.8s;transition-timing-function:var(--gs-root-animation-easing, cubic-bezier(0.42, 0, 0.58, 1));opacity:var(--gs-root-animation-opacity, 0);transition-property:opacity,transform,filter;transform:var(--gs-root-animation-transform, translate3d(0, calc(max(50px, 15%) * -1), 0));filter:blur(10px)}.gsbp-8f24cbc.aos-animate,.gsbp-8f24cbc[data-gs-aos]{opacity:1;transform:translateZ(0);filter:blur(0)}#gspb_heading-id-gsbp-218db97{margin-bottom:80px}.gspb_text-id-gsbp-f4f4a5d{margin-bottom:0!important}.gspb_container-id-gsbp-151e3f2{flex-direction:column;box-sizing:border-box}","slim_seo":{"description":"Fashion Editorial - indywidualne konsultacje kariery w modzie. Um\u00f3w 30-minutowe spotkanie online z Oliwi\u0105 i odkryj swoj\u0105 \u015bcie\u017ck\u0119 w \u015bwiecie fashion.","title":"Szkolenia i konsultacje - Fashion Editorial - Twoja platforma wiedzy o modzie"},"iawp_total_views":17,"footnotes":""},"class_list":["post-274","page","type-page","status-publish","hentry"],"blocksy_meta":{"page_structure_type":"type-3","styles_descriptor":{"styles":{"desktop":"","tablet":"","mobile":""},"google_fonts":[],"version":6},"vertical_spacing_source":"custom","content_area_spacing":"none","has_hero_section":"disabled"},"_links":{"self":[{"href":"https:\/\/fashioneditorial.pl\/en\/wp-json\/wp\/v2\/pages\/274","targetHints":{"allow":["GET"]}}],"collection":[{"href":"https:\/\/fashioneditorial.pl\/en\/wp-json\/wp\/v2\/pages"}],"about":[{"href":"https:\/\/fashioneditorial.pl\/en\/wp-json\/wp\/v2\/types\/page"}],"author":[{"embeddable":true,"href":"https:\/\/fashioneditorial.pl\/en\/wp-json\/wp\/v2\/users\/1"}],"replies":[{"embeddable":true,"href":"https:\/\/fashioneditorial.pl\/en\/wp-json\/wp\/v2\/comments?post=274"}],"version-history":[{"count":5,"href":"https:\/\/fashioneditorial.pl\/en\/wp-json\/wp\/v2\/pages\/274\/revisions"}],"predecessor-version":[{"id":2175,"href":"https:\/\/fashioneditorial.pl\/en\/wp-json\/wp\/v2\/pages\/274\/revisions\/2175"}],"wp:attachment":[{"href":"https:\/\/fashioneditorial.pl\/en\/wp-json\/wp\/v2\/media?parent=274"}],"curies":[{"name":"wp","href":"https:\/\/api.w.org\/{rel}","templated":true}]}}