{"id":289,"date":"2025-02-03T19:22:33","date_gmt":"2025-02-03T18:22:33","guid":{"rendered":"https:\/\/fashioneditorial.pl\/?page_id=289"},"modified":"2025-07-12T23:34:26","modified_gmt":"2025-07-12T21:34:26","slug":"kontakt","status":"publish","type":"page","link":"https:\/\/fashioneditorial.pl\/en\/kontakt\/","title":{"rendered":"Contact"},"content":{"rendered":"\n<div style=\"height:4px\" aria-hidden=\"true\" class=\"wp-block-spacer\"><\/div>\n\n\n\n<h1 data-aos=\"fade-down-blur\" data-aos-easing=\"ease\" data-aos-duration=\"1800\" data-aos-once=\"true\" class=\"gsbp-9d75bb8\">Skontaktuj si\u0119 z nami<\/h1>\n\n\n\n<section class=\"gsbp-69463a1\">\n<div class=\"gsbp-a013e80\">\n<span style=\"--total-items: 3;\" data-aos=\"fade-up-blur\" data-aos-delay=\"650\" data-aos-easing=\"linear\" data-aos-duration=\"1800\" data-aos-once=\"true\" data-gspbactions=\"[{&quot;triggerData&quot;:{&quot;trigger&quot;:&quot;blur&quot;},&quot;actions&quot;:[{&quot;actionname&quot;:&quot;show-element&quot;,&quot;env&quot;:&quot;no-action&quot;}],&quot;env&quot;:&quot;no-action&quot;}]\" class=\"gsbp-90c144b\"><br style=\"--index: 0;\">Jeste\u015bmy pasjonatami mody, kt\u00f3rzy dziel\u0105 si\u0119 wiedz\u0105 i inspiracjami poprzez nasze publikacje, e-booki i szkolenia. Masz pytania dotycz\u0105ce naszych tre\u015bci? A mo\u017ce <strong style=\"--index: 1;\">chcesz nawi\u0105za\u0107 wsp\u00f3\u0142prac\u0119<\/strong> lub dowiedzie\u0107 si\u0119 wi\u0119cej o <strong style=\"--index: 2;\">naszych szkoleniach<\/strong>? Napisz do nas! Ch\u0119tnie odpowiemy na Twoje wiadomo\u015bci i pomo\u017cemy Ci w rozwoju modowej pasji.<\/span>\n<\/div>\n<\/section>\n\n\n\n<div style=\"height:60px\" aria-hidden=\"true\" class=\"wp-block-spacer\"><\/div>\n\n\n\n<section class=\"gsbp-ccd4574 alignwide\">\n<div class=\"gsbp-c45995e\">\n<div data-aos=\"fade-right\" data-aos-delay=\"300\" data-aos-easing=\"ease\" data-aos-duration=\"1800\" data-aos-once=\"true\" class=\"gsbp-361824e\"><div class=\"ct-block-wrapper\">\n\n<h3 class=\"wp-block-heading has-large-font-size\" id=\"dane-kontaktowe\">Dane kontaktowe<\/h3>\n\n\n<div class=\"ct-contact-info-block \" style=\"--theme-icon-size:20px;--items-spacing:40px;--items-direction:column;--theme-link-hover-color:var(--wp--preset--color--palette-color-4);--theme-icon-color:var(--wp--preset--color--palette-color-8);--theme-icon-hover-color:var(--wp--preset--color--palette-color-2);--background-color:var(--wp--preset--color--palette-color-4);--background-hover-color:var(--wp--preset--color--palette-color-4);font-size:clamp(0.875rem, 0.875rem + ((1vw - 0.2rem) * 0.156), 1rem);\">\n\t\t<ul data-icons-type=\"square:solid\">\n\t\t\t\t\t\t\t\t\t\t\t<li class=\"\">\n\t\t\t\t\t<span class=\"ct-icon-container\"><svg aria-hidden=\"true\" width='15' height='15' viewBox='0 0 15 15'><path d='M7.5,0C4.05365,0,1.25,2.80365,1.25,6.25c0,4.65576,5.66223,8.4845,5.90332,8.64502.10498.07019.22583.10498.34668.10498s.2417-.03479.34668-.10498c.24109-.16052,5.90332-3.98926,5.90332-8.64502,0-3.44635-2.80396-6.25-6.25-6.25ZM7.5,13.60657c-1.18561-.87952-5-3.97339-5-7.35657C2.5,3.49304,4.74304,1.25,7.5,1.25s5,2.24304,5,5c0,3.38318-3.81409,6.47705-5,7.35657ZM7.5,3.75c-1.37848,0-2.5,1.12152-2.5,2.5,0,1.37878,1.12152,2.5,2.5,2.5,1.37878,0,2.5-1.12122,2.5-2.5,0-1.37848-1.12122-2.5-2.5-2.5ZM7.5,7.5c-.68939,0-1.25-.56061-1.25-1.25s.56061-1.25,1.25-1.25c.68909,0,1.25.56061,1.25,1.25s-.56091,1.25-1.25,1.25Z'\/><\/svg><\/span>\n\t\t\t\t\t\t\t\t\t\t\t<div class=\"contact-info\">\n\t\t\t\t\t\t\t\t\t\t\t\t\t\t\t<span class=\"contact-title\">\n\t\t\t\t\t\t\t\t\tAdres:\t\t\t\t\t\t\t\t<\/span>\n\t\t\t\t\t\t\t\n\t\t\t\t\t\t\t\t\t\t\t\t\t\t\t<span class=\"contact-text\">\n\t\t\t\t\t\t\t\t\t\n\t\t\t\t\t\t\t\t\tKrak\u00f3w\n\t\t\t\t\t\t\t\t\t\t\t\t\t\t\t\t\t<\/span>\n\t\t\t\t\t\t\t\t\t\t\t\t\t<\/div>\n\t\t\t\t\t\t\t\t\t<\/li>\n\t\t\t\t\t\t\t\t\t\t\t<li class=\"\">\n\t\t\t\t\t<span class=\"ct-icon-container\"><svg aria-hidden=\"true\" width='15' height='15' viewBox='0 0 20 20'><path d='M13.5,20H6.5c-1.6,0-2.9-1.3-2.9-2.9V2.9C3.5,1.3,4.8,0,6.5,0h7.1c1.6,0,2.9,1.3,2.9,2.9v14.1C16.5,18.7,15.2,20,13.5,20zM6.7,1.7C5.8,1.7,5,2.5,5,3.4v13.2c0,0.9,0.7,1.7,1.7,1.7h6.6c0.9,0,1.7-0.7,1.7-1.7V3.4c0-0.9-0.7-1.7-1.7-1.7H6.7z'\/><path d='M11.2,4.4H8.8c-0.3,0-0.6-0.3-0.6-0.6s0.3-0.6,0.6-0.6h2.4c0.3,0,0.6,0.3,0.6,0.6S11.5,4.4,11.2,4.4z'\/><circle cx='10' cy='15.7' r='1.2'\/><\/svg><\/span>\n\t\t\t\t\t\t\t\t\t\t\t<div class=\"contact-info\">\n\t\t\t\t\t\t\t\t\t\t\t\t\t\t\t<span class=\"contact-title\">\n\t\t\t\t\t\t\t\t\tTelefon kom\u00f3rkowy:\t\t\t\t\t\t\t\t<\/span>\n\t\t\t\t\t\t\t\n\t\t\t\t\t\t\t\t\t\t\t\t\t\t\t<span class=\"contact-text\">\n\t\t\t\t\t\t\t\t\t\t\t\t\t\t\t\t\t\t\t<a href=\"tel:+48%20535%20079%20913\" target=\"_blank\" rel=\"noopener noreferrer nofollow\">\n\t\t\t\t\t\t\t\t\t\n\t\t\t\t\t\t\t\t\t+48 535 079 913\n\t\t\t\t\t\t\t\t\t\t\t\t\t\t\t\t\t\t\t<\/a>\n\t\t\t\t\t\t\t\t\t\t\t\t\t\t\t\t\t<\/span>\n\t\t\t\t\t\t\t\t\t\t\t\t\t<\/div>\n\t\t\t\t\t\t\t\t\t<\/li>\n\t\t\t\t\t\t\t\t\t\t\t<li class=\"\">\n\t\t\t\t\t<span class=\"ct-icon-container\"><svg aria-hidden=\"true\" width='15' height='15' viewBox='0 0 15 15'><path d='M12.8 2.2C11.4.8 9.5 0 7.5 0S3.6.8 2.2 2.2C.8 3.6 0 5.5 0 7.5 0 11.6 3.4 15 7.5 15c1.6 0 3.3-.5 4.6-1.5.3-.2.4-.7.1-1-.2-.3-.7-.4-1-.1-1.1.8-2.4 1.3-3.7 1.3-3.4 0-6.1-2.8-6.1-6.1 0-1.6.6-3.2 1.8-4.3C4.3 2 5.9 1.4 7.5 1.4c1.6 0 3.2.6 4.3 1.8 1.2 1.2 1.8 2.7 1.8 4.3v.7c0 .8-.6 1.4-1.4 1.4s-1.4-.6-1.4-1.4V4.8c0-.4-.3-.7-.7-.7-.4 0-.7.3-.7.7-.4-.4-1.1-.7-1.9-.7-1.9 0-3.4 1.5-3.4 3.4s1.5 3.4 3.4 3.4c1 0 1.9-.5 2.5-1.2.5.7 1.3 1.2 2.2 1.2 1.5 0 2.7-1.2 2.7-2.7v-.7c.1-2-.7-3.9-2.1-5.3zM7.5 9.5c-1.1 0-2-.9-2-2s.9-2 2-2 2 .9 2 2-.9 2-2 2z'\/><\/svg><\/span>\n\t\t\t\t\t\t\t\t\t\t\t<div class=\"contact-info\">\n\t\t\t\t\t\t\t\t\t\t\t\t\t\t\t<span class=\"contact-title\">\n\t\t\t\t\t\t\t\t\tAdres e-mail:\t\t\t\t\t\t\t\t<\/span>\n\t\t\t\t\t\t\t\n\t\t\t\t\t\t\t\t\t\t\t\t\t\t\t<span class=\"contact-text\">\n\t\t\t\t\t\t\t\t\t\t\t\t\t\t\t\t\t\t\t<a href=\"mailto:&#102;a&#115;&#104;&#105;one&#100;i&#116;o&#114;&#105;al&#110;e&#119;s&#064;&#103;&#109;&#097;&#105;&#108;.c&#111;&#109;\" target=\"_blank\" rel=\"noopener noreferrer nofollow\">\n\t\t\t\t\t\t\t\t\t\n\t\t\t\t\t\t\t\t\t&#102;ash&#105;on&#101;dit&#111;&#114;i&#97;&#108;n&#101;ws&#64;g&#109;&#97;il&#46;co&#109;\n\t\t\t\t\t\t\t\t\t\t\t\t\t\t\t\t\t\t\t<\/a>\n\t\t\t\t\t\t\t\t\t\t\t\t\t\t\t\t\t<\/span>\n\t\t\t\t\t\t\t\t\t\t\t\t\t<\/div>\n\t\t\t\t\t\t\t\t\t<\/li>\n\t\t\t\t\t<\/ul>\n\n\t\t<\/div>\n<\/div><\/div>\n\n\n\n<div data-aos=\"fade-left\" data-aos-delay=\"500\" data-aos-easing=\"ease\" data-aos-duration=\"1800\" data-aos-once=\"true\" class=\"gsbp-f849a14\"><div class='fluentform ff-inherit-theme-style fluentform_wrapper_1  ff_guten_block ff_guten_block-1'><form data-form_id=\"1\" id=\"fluentform_1\" class=\"frm-fluent-form fluent_form_1 ff-el-form-top ff_form_instance_1_1 ff-form-loading ffs_inherit_theme\" data-form_instance=\"ff_form_instance_1_1\" method=\"POST\" ><fieldset  style=\"border: none!important;margin: 0!important;padding: 0!important;background-color: transparent!important;box-shadow: none!important;outline: none!important; min-inline-size: 100%;\">\n                    <legend class=\"ff_screen_reader_title\" style=\"display: block; margin: 0!important;padding: 0!important;height: 0!important;text-indent: -999999px;width: 0!important;overflow:hidden;\">Formularz kontaktowy<\/legend>        <div\n                style=\"display: none!important; position: absolute!important; transform: translateX(1000%)!important;\"\n                class=\"ff-el-group ff-hpsf-container\"\n        >\n            <div class=\"ff-el-input--label asterisk-right\">\n                <label for=\"ff_1_item_sf\" aria-label=\"Updates\">\n                    Updates                <\/label>\n            <\/div>\n            <div class=\"ff-el-input--content\">\n                <input type=\"text\"\n                       name=\"item_1__fluent_sf\"\n                       class=\"ff-el-form-control\"\n                       id=\"ff_1_item_sf\"\n                \/>\n            <\/div>\n        <\/div>\n                <input type=\"hidden\" id=\"__fluent_protection_token_1\" class=\"fluent-form-token-field\" name=\"__fluent_protection_token_1\">\n        <input type='hidden' name='__fluent_form_embded_post_id' value='289' \/><input type=\"hidden\" id=\"_fluentform_1_fluentformnonce\" name=\"_fluentform_1_fluentformnonce\" value=\"996a69c107\" \/><input type=\"hidden\" name=\"_wp_http_referer\" value=\"\/en\/wp-json\/wp\/v2\/pages\/289\" \/><div data-type=\"name-element\" data-name=\"names\" class=\" ff-field_container ff-name-field-wrapper\" ><div class='ff-t-container'><div class='ff-t-cell '><div class='ff-el-group  ff-el-form-hide_label'><div class='ff-el-input--content'><input type=\"text\" name=\"names[first_name]\" id=\"ff_1_names_first_name_\" class=\"ff-el-form-control\" placeholder=\"Imi\u0119\" aria-invalid=\"false\" aria-required=false><\/div><\/div><\/div><\/div><\/div><div class='ff-el-group ff-el-form-hide_label'><div class=\"ff-el-input--label ff-el-is-required asterisk-right\"><label for='ff_1_email' id='label_ff_1_email' aria-label=\"Email\">Email<\/label><\/div><div class='ff-el-input--content'><input type=\"email\" name=\"email\" id=\"ff_1_email\" class=\"ff-el-form-control\" placeholder=\"Adres email\" data-name=\"email\"  aria-invalid=\"false\" aria-required=true><\/div><\/div><div class='ff-el-group ff-el-form-hide_label'><div class=\"ff-el-input--label asterisk-right\"><label for='ff_1_subject' id='label_ff_1_subject' aria-label=\"Subject\">Subject<\/label><\/div><div class='ff-el-input--content'><input type=\"text\" name=\"subject\" class=\"ff-el-form-control\" placeholder=\"Temat wiadomo\u015bci\" data-name=\"subject\" id=\"ff_1_subject\"  aria-invalid=\"false\" aria-required=false><\/div><\/div><div class='ff-el-group ff-el-form-hide_label'><div class=\"ff-el-input--label ff-el-is-required asterisk-right\"><label for='ff_1_message' id='label_ff_1_message' aria-label=\"Your Message\">Your Message<\/label><\/div><div class='ff-el-input--content'><textarea aria-required=\"true\" aria-labelledby=\"label_ff_1_message\" name=\"message\" id=\"ff_1_message\" class=\"ff-el-form-control\" placeholder=\"Wiadomo\u015b\u0107\" rows=\"4\" cols=\"2\" data-name=\"message\" ><\/textarea><\/div><\/div><div class='ff-el-group ff-text-left ff_submit_btn_wrapper'><button type=\"submit\" class=\"ff-btn ff-btn-submit ff-btn-md ff_btn_no_style wpf_has_custom_css\"  aria-label=\"Wy\u015blij wiadomo\u015b\u0107\">Wy\u015blij wiadomo\u015b\u0107<\/button><\/div><\/fieldset><\/form><div id='fluentform_1_errors' class='ff-errors-in-stack ff_form_instance_1_1 ff-form-loading_errors ff_form_instance_1_1_errors'><\/div><\/div>            <script type=\"text\/javascript\">\n                window.fluent_form_ff_form_instance_1_1 = {\"id\":\"1\",\"settings\":{\"layout\":{\"labelPlacement\":\"top\",\"helpMessagePlacement\":\"with_label\",\"errorMessagePlacement\":\"inline\",\"cssClassName\":\"\",\"asteriskPlacement\":\"asterisk-right\"},\"restrictions\":{\"denyEmptySubmission\":{\"enabled\":false}}},\"form_instance\":\"ff_form_instance_1_1\",\"form_id_selector\":\"fluentform_1\",\"rules\":{\"names[first_name]\":{\"required\":{\"value\":false,\"message\":\"This field is required\",\"global\":false,\"global_message\":\"This field is required\"}},\"names[middle_name]\":{\"required\":{\"value\":false,\"message\":\"This field is required\",\"global\":false,\"global_message\":\"This field is required\"}},\"names[last_name]\":{\"required\":{\"value\":false,\"message\":\"This field is required\",\"global\":false,\"global_message\":\"This field is required\"}},\"email\":{\"required\":{\"value\":true,\"message\":\"This field is required\",\"global\":false,\"global_message\":\"This field is required\"},\"email\":{\"value\":true,\"message\":\"This field must contain a valid email\",\"global\":false,\"global_message\":\"This field must contain a valid email\"}},\"subject\":{\"required\":{\"value\":false,\"message\":\"This field is required\",\"global\":false,\"global_message\":\"This field is required\"}},\"message\":{\"required\":{\"value\":true,\"message\":\"This field is required\",\"global\":false,\"global_message\":\"This field is required\"}}},\"debounce_time\":300};\n                            <\/script>\n            <\/div>\n<\/div>\n<\/section>\n\n\n\n<div style=\"height:120px\" aria-hidden=\"true\" class=\"wp-block-spacer\"><\/div>\n\n\n\n<section class=\"wp-block-greenshift-blocks-row gspb_row gspb_row-id-gsbp-dcf0c30\" id=\"gspb_row-id-gsbp-dcf0c30\" data-aos=\"fade-up-blur\" data-aos-delay=\"600\" data-aos-easing=\"ease\" data-aos-duration=\"1800\" data-aos-once=\"true\"><div class=\"gspb_row__content\"> \n<div class=\"wp-block-greenshift-blocks-row-column gspb_row__col--12 gspb_col-id-gsbp-7fea829\" id=\"gspb_col-id-gsbp-7fea829\">\n<div class=\"wp-block-greenshift-blocks-iconbox gspb_iconBox gspb_iconBox-id-gsbp-8960e48\" id=\"gspb_iconBox-id-gsbp-8960e48\"><div class=\"gspb_iconBox__wrapper\" style=\"display:inline-flex\"><svg class=\"\" style=\"display:inline-block;vertical-align:middle\" width=\"72\" height=\"72\" viewBox=\"0 0 1280 1024\" xmlns=\"http:\/\/www.w3.org\/2000\/svg\"><path style=\"fill:#565D66\" d=\"M960 512c106 0 192-86 192-192s-86-192-192-192-192 86-192 192 86 192 192 192zM960 224c53 0 96 43 96 96s-43 96-96 96-96-43-96-96 43-96 96-96zM544.2 552c-23.8 0-47.8 3.4-71 10.6-28.4 8.6-58.2 13.4-89.4 13.4s-61-4.8-89.4-13.4c-23.2-7-47.2-10.6-71-10.6-72.6 0-143.2 32.4-184.6 93.8-24.4 36.8-38.8 81-38.8 128.6v89.6c0 53 43 96 96 96h576c53 0 96-43 96-96v-89.6c0-47.6-14.4-91.8-39.2-128.6-41.4-61.4-112-93.8-184.6-93.8zM672 864h-576v-89.6c0-57.8 36.8-107.2 88.2-126.2 20.6-7.6 43.2-7.4 63.8 0 44.2 15.8 90 23.8 136 23.8s91.6-8 136.2-23.8c20.6-7.4 43.2-7.6 63.8 0 51.4 18.8 88.2 68.4 88.2 126.2v89.6zM384 512c123.8 0 224-100.2 224-224s-100.2-224-224-224-224 100.2-224 224 100.2 224 224 224zM384 160c70.6 0 128 57.4 128 128s-57.4 128-128 128-128-57.4-128-128 57.4-128 128-128zM1247.4 634.2c-34.6-51.2-93.4-78.2-153.8-78.2-55.6 0-69.6 20-133.6 20s-78-20-133.6-20c-26.6 0-52.4 6-76.4 16.2 11.6 11.8 22.6 24 32 37.8 9.4 14 17.2 28.8 24 44 6.6-1.4 13.4-2.2 20.4-2.2 34.4 0 59.2 20 133.6 20 74.8 0 99-20 133.6-20 31.4 0 59 13.4 74.2 35.8 10.6 15.8 16.2 34.2 16.2 53.4v59h-352v64c0 11-1.2 21.6-3.2 32h371.2c44.2 0 80-35.8 80-80v-74.6c0-39.8-12-76.6-32.6-107.2z\"><\/path><\/svg><\/div><\/div>\n\n\n\n<h2 class=\"wp-block-heading has-text-align-center has-palette-color-7-color has-text-color has-link-color has-x-large-font-size wp-elements-e9f8d7732d0967858ec0d6f13c53e13e\" id=\"link-do-ebooka\" style=\"text-decoration:underline\"><a href=\"https:\/\/fashioneditorial.pl\/szkolenia-i-konsultacje\/\" title=\"Fashion Career Kick-Off \u2013 Konsultacja 1:1\">Fashion Career Kick-Off Konsultacja 1:1<\/a><\/h2>\n<\/div>\n <\/div><\/section>\n\n\n\n<div style=\"height:120px\" aria-hidden=\"true\" class=\"wp-block-spacer\"><\/div>\n","protected":false},"excerpt":{"rendered":"","protected":false},"author":1,"featured_media":0,"parent":0,"menu_order":0,"comment_status":"closed","ping_status":"closed","template":"","meta":{"_gspb_post_css":".gsbp-9d75bb8{margin-bottom:1em;transition-duration:1.8s;transition-timing-function:var(--gs-root-animation-easing, cubic-bezier(0.42, 0, 0.58, 1));opacity:var(--gs-root-animation-opacity, 0);transition-property:opacity,transform,filter;transform:var(--gs-root-animation-transform, translate3d(0, calc(max(50px, 15%) * -1), 0));filter:blur(10px)}.gsbp-9d75bb8.aos-animate,.gsbp-9d75bb8[data-gs-aos]{opacity:1;transform:translateZ(0);filter:blur(0)}.gsbp-69463a1{display:flex;justify-content:center;flex-direction:column;align-items:center;margin-top:0;margin-bottom:0;position:relative}.gsbp-a013e80{max-width:var(--theme-normal-container-max-width, 100%);width:var(--theme-container-width, calc(100% - 40px));margin-bottom:2em}.gsbp-90c144b{transition-duration:1.8s;transition-timing-function:linear;transition-delay:0s;opacity:var(--gs-root-animation-opacity, 0);transition-property:opacity,transform,filter;transform:var(--gs-root-animation-transform, translate3d(0, calc(max(50px, 15%)), 0));filter:blur(10px)}.gsbp-90c144b.aos-animate,.gsbp-90c144b[data-gs-aos]{transition-delay:.65s;--gs-root-animation-delay:0.65s;opacity:1;transform:translateZ(0);filter:blur(0)}.gsbp-ccd4574{display:flex;justify-content:center;flex-direction:column;align-items:center;margin-top:0;margin-bottom:0;position:relative}.gsbp-c45995e{max-width:var(--theme-normal-container-max-width, 100%);width:var(--theme-container-width, calc(100% - 40px));display:flex;flex-direction:row;column-gap:25px;row-gap:25px;flex-wrap:wrap}.gsbp-c45995e>:not(style):nth-of-type(2n+1){width:calc(40% - (25px*(2 - 1)\/2))}@media (max-width:991.98px){.gsbp-c45995e>:not(style):nth-of-type(2n+1){width:calc(50% - (25px*(2 - 1)\/2))}}@media (max-width:575.98px){.gsbp-c45995e>:not(style):nth-of-type(2n+1){width:100%}}.gsbp-c45995e>:not(style):nth-of-type(2n+2){width:calc(60% - (25px*(2 - 1)\/2))}@media (max-width:991.98px){.gsbp-c45995e>:not(style):nth-of-type(2n+2){width:calc(50% - (25px*(2 - 1)\/2))}}@media (max-width:575.98px){.gsbp-c45995e>:not(style):nth-of-type(2n+2){width:100%}}#gspb_row-id-gsbp-dcf0c30,.gsbp-361824e,.gsbp-f849a14{transition-duration:1.8s;transition-timing-function:var(--gs-root-animation-easing, cubic-bezier(0.42, 0, 0.58, 1));transition-delay:0s;opacity:var(--gs-root-animation-opacity, 0);transition-property:opacity,transform,filter}.gsbp-361824e{transform:var(--gs-root-animation-transform, translate3d(calc(max(50px, 15%) * -1), 0, 0))}.gsbp-361824e.aos-animate,.gsbp-361824e[data-gs-aos]{transition-delay:.3s;--gs-root-animation-delay:0.3s;opacity:1;transform:translateZ(0)}#gspb_row-id-gsbp-dcf0c30,.gsbp-f849a14{background-color:var(--wp--preset--color--palette-color-4, var(--theme-palette-color-4, #0D0D0D))}.gsbp-f849a14{padding:40px;transform:var(--gs-root-animation-transform, translate3d(calc(max(50px, 15%)), 0, 0))}.gsbp-f849a14.aos-animate,.gsbp-f849a14[data-gs-aos]{transition-delay:.5s;--gs-root-animation-delay:0.5s;opacity:1;transform:translateZ(0)}#gspb_row-id-gsbp-dcf0c30{justify-content:space-between;margin-top:0;margin-bottom:0;display:flex;flex-wrap:wrap;transform:var(--gs-root-animation-transform, translate3d(0, calc(max(50px, 15%)), 0));filter:blur(10px)}#gspb_row-id-gsbp-dcf0c30>.gspb_row__content{display:flex;justify-content:space-between;margin:0 auto;width:100%;flex-wrap:wrap}.gspb_row{position:relative}div[id^=gspb_col-id]{box-sizing:border-box;position:relative;padding:var(--gs-row-column-padding, 15px min(3vw, 20px))}body.gspb-bodyfront #gspb_row-id-gsbp-dcf0c30>.gspb_row__content{width:var(--theme-container-width, 1200px);max-width:var(--theme-normal-container-max-width, 1200px)}#gspb_row-id-gsbp-dcf0c30.aos-animate,#gspb_row-id-gsbp-dcf0c30[data-gs-aos]{transition-delay:.6s;--gs-root-animation-delay:0.6s;opacity:1;transform:translateZ(0);filter:blur(0)}#gspb_col-id-gsbp-7fea829.gspb_row__col--12{width:100%}@media (max-width:575.98px){#gspb_col-id-gsbp-7fea829.gspb_row__col--12{width:100%}}.gspb_row #gspb_col-id-gsbp-7fea829.gspb_row__col--12{padding-top:60px;padding-bottom:60px}#gspb_iconBox-id-gsbp-8960e48 svg{width:72px;margin:0!important}#gspb_iconBox-id-gsbp-8960e48{justify-content:center;display:flex}#gspb_iconBox-id-gsbp-8960e48 svg,#gspb_iconBox-id-gsbp-8960e48 svg path{fill:var(--wp--preset--color--palette-color-7, var(--theme-palette-color-7, #F5F5F7))!important}","slim_seo":{"title":"Kontakt - Fashion Editorial - Twoja platforma wiedzy o modzie","description":"Fashion Career Kick-Off - Consultation 1:1"},"iawp_total_views":24,"footnotes":""},"class_list":["post-289","page","type-page","status-publish","hentry"],"blocksy_meta":{"page_structure_type":"type-3","styles_descriptor":{"styles":{"desktop":"","tablet":"","mobile":""},"google_fonts":[],"version":6},"vertical_spacing_source":"custom","content_area_spacing":"bottom","has_hero_section":"disabled"},"_links":{"self":[{"href":"https:\/\/fashioneditorial.pl\/en\/wp-json\/wp\/v2\/pages\/289","targetHints":{"allow":["GET"]}}],"collection":[{"href":"https:\/\/fashioneditorial.pl\/en\/wp-json\/wp\/v2\/pages"}],"about":[{"href":"https:\/\/fashioneditorial.pl\/en\/wp-json\/wp\/v2\/types\/page"}],"author":[{"embeddable":true,"href":"https:\/\/fashioneditorial.pl\/en\/wp-json\/wp\/v2\/users\/1"}],"replies":[{"embeddable":true,"href":"https:\/\/fashioneditorial.pl\/en\/wp-json\/wp\/v2\/comments?post=289"}],"version-history":[{"count":13,"href":"https:\/\/fashioneditorial.pl\/en\/wp-json\/wp\/v2\/pages\/289\/revisions"}],"predecessor-version":[{"id":1841,"href":"https:\/\/fashioneditorial.pl\/en\/wp-json\/wp\/v2\/pages\/289\/revisions\/1841"}],"wp:attachment":[{"href":"https:\/\/fashioneditorial.pl\/en\/wp-json\/wp\/v2\/media?parent=289"}],"curies":[{"name":"wp","href":"https:\/\/api.w.org\/{rel}","templated":true}]}}